{"id":133,"date":"2021-04-17T08:23:42","date_gmt":"2021-04-17T08:23:42","guid":{"rendered":"http:\/\/valtoce.eu\/?page_id=133"},"modified":"2022-09-14T11:38:40","modified_gmt":"2022-09-14T11:38:40","slug":"patenti-a-b","status":"publish","type":"page","link":"http:\/\/valtoce.eu\/?page_id=133","title":{"rendered":"Patenti A-B"},"content":{"rendered":"\n<h3 class=\"has-text-align-center wp-block-heading\"><strong>Orari delle lezioni di teoria<\/strong><\/h3>\n\n\n\n<h4 class=\"wp-block-heading\"><strong>Gravellona Toce<\/strong><\/h4>\n\n\n\n<figure class=\"wp-block-table\"><table><tbody><tr><td>Luned\u00ec<\/td><td>18.00-19.00<\/td><td><\/td><\/tr><tr><td>Mercoled\u00ec<\/td><td>18.00-19.00<\/td><td><\/td><\/tr><tr><td>Venerd\u00ec<\/td><td>18.00-19.00<\/td><td><\/td><\/tr><\/tbody><\/table><\/figure>\n\n\n\n<h4 class=\"wp-block-heading\"><strong>Villadossola<\/strong><\/h4>\n\n\n\n<figure class=\"wp-block-table\"><table><tbody><tr><td>Luned\u00ec<\/td><td>18.00-19.00<\/td><td><\/td><\/tr><tr><td>Mercoled\u00ec<\/td><td>18.00-19.00<\/td><td><\/td><\/tr><tr><td>Venerd\u00ec<\/td><td>18.00-19.00<\/td><td><\/td><\/tr><\/tbody><\/table><\/figure>\n\n\n\n<h4 class=\"wp-block-heading\"><strong>Piedimulera<\/strong><\/h4>\n\n\n\n<figure class=\"wp-block-table\"><table><tbody><tr><td>Luned\u00ec<\/td><td>17.00-18.00<\/td><td><\/td><\/tr><tr><td>Mercoled\u00ec<\/td><td>17.00-18.00<\/td><td><\/td><\/tr><tr><td>Venerd\u00ec<\/td><td>17.00-18.00<\/td><td><\/td><\/tr><\/tbody><\/table><\/figure>\n\n\n\n<p class=\"has-text-align-center\">Le lezioni pratiche si svolgono su appuntamento con gli istruttori <\/p>\n\n\n\n<p class=\"has-text-align-center\"><\/p>\n\n\n9.018 views","protected":false},"excerpt":{"rendered":"<p>Orari delle lezioni di teoria Gravellona Toce Luned\u00ec 18.00-19.00 Mercoled\u00ec 18.00-19.00 Venerd\u00ec 18.00-19.00 Villadossola Luned\u00ec 18.00-19.00 Mercoled\u00ec 18.00-19.00 Venerd\u00ec 18.00-19.00<\/p>\n","protected":false},"author":1,"featured_media":0,"parent":0,"menu_order":0,"comment_status":"closed","ping_status":"closed","template":"","meta":{"colormag_page_container_layout":"default_layout","colormag_page_sidebar_layout":"default_layout","footnotes":""},"class_list":["post-133","page","type-page","status-publish","hentry"],"_links":{"self":[{"href":"http:\/\/valtoce.eu\/index.php?rest_route=\/wp\/v2\/pages\/133","targetHints":{"allow":["GET"]}}],"collection":[{"href":"http:\/\/valtoce.eu\/index.php?rest_route=\/wp\/v2\/pages"}],"about":[{"href":"http:\/\/valtoce.eu\/index.php?rest_route=\/wp\/v2\/types\/page"}],"author":[{"embeddable":true,"href":"http:\/\/valtoce.eu\/index.php?rest_route=\/wp\/v2\/users\/1"}],"replies":[{"embeddable":true,"href":"http:\/\/valtoce.eu\/index.php?rest_route=%2Fwp%2Fv2%2Fcomments&post=133"}],"version-history":[{"count":9,"href":"http:\/\/valtoce.eu\/index.php?rest_route=\/wp\/v2\/pages\/133\/revisions"}],"predecessor-version":[{"id":493,"href":"http:\/\/valtoce.eu\/index.php?rest_route=\/wp\/v2\/pages\/133\/revisions\/493"}],"wp:attachment":[{"href":"http:\/\/valtoce.eu\/index.php?rest_route=%2Fwp%2Fv2%2Fmedia&parent=133"}],"curies":[{"name":"wp","href":"https:\/\/api.w.org\/{rel}","templated":true}]}}