{"id":157,"date":"2021-04-21T12:27:27","date_gmt":"2021-04-21T12:27:27","guid":{"rendered":"http:\/\/valtoce.eu\/?page_id=157"},"modified":"2026-02-27T13:38:32","modified_gmt":"2026-02-27T13:38:32","slug":"conseguimento-cqc","status":"publish","type":"page","link":"http:\/\/valtoce.eu\/?page_id=157","title":{"rendered":"Conseguimento CQC"},"content":{"rendered":"\n<p><strong>Corso di formazione iniziale per il conseguimento della CQC<\/strong><\/p>\n\n\n\n<p>Calendario ed orari del prossimo corso di formazione iniziale&nbsp;<strong>intensivo<\/strong>&nbsp;per il conseguimento della CQC.<\/p>\n\n\n\n<p><strong>Orari del corso<\/strong><\/p>\n\n\n\n<ul class=\"wp-block-list\">\n<li>da luned\u00ec a venerd\u00ec dalle <strong>8.00<\/strong> alle <strong>15.00<\/strong><\/li>\n<\/ul>\n\n\n\n<p><strong>Calendario del prossimo corso<\/strong>  &#8211; <em>parte teorica<\/em><\/p>\n\n\n\n<figure class=\"wp-block-table\"><table class=\"has-fixed-layout\"><tbody><tr><td><em>parte<\/em><\/td><td><em>dal<\/em><\/td><td><em>al<\/em><\/td><\/tr><tr><td>comune<\/td><td>02.03.2026<\/td><td>20.03.2026<\/td><\/tr><tr><td>merci<\/td><td>23.03.2026<\/td><td>24.03.2026<\/td><\/tr><tr><td>persone<\/td><td>25.03.2026<\/td><td>27.03.2026<\/td><\/tr><tr><td>recuperi assenze<\/td><td>13.04.2026<\/td><td>16.04.2026<\/td><\/tr><\/tbody><\/table><\/figure>\n\n\n\n<p><strong>Le lezioni pratiche saranno convocate dagli istruttori (<em>fine corso inderogabile 04.07.2026<\/em><\/strong>)<\/p>\n\n\n\n<p><\/p>\n\n\n\n<p>Il corso pu\u00f2 essere frequentato da:<\/p>\n\n\n\n<p>&#8211; Chi non possiede nessuna CQC e vuole conseguire la CQC merci o persone (o entrambe). In questo caso dovr\u00e0 frequentare sia la parte comune (110 h) che la parte specialistica richiesta (20 h). Se richiede entrambe le specializzazioni dovr\u00e0 frequentare, ovviamente, entrambe le parti specialistiche.<\/p>\n\n\n\n<p>&#8211; Chi possiede gi\u00e0 una delle 2 specializzazioni (persone o merci) e vuole estendere la validit\u00e0 all&#8217;altra. In questo caso dovr\u00e0 frequentare solo la parte specialistica.<\/p>\n\n\n\n<p><em>Vanno aggiunte a queste ore in aula <strong>7h 30m <\/strong>di lezioni pratiche per la parte comune e <strong>2 h 30<\/strong> m per la specializzazione<\/em><\/p>\n\n\n\n<p><\/p>\n\n\n\n<p>Gli esami si sostengono presso la Motorizzazione Civile di Domodossola e consistono nella risoluzione di un questionario di 70 domande . Sono ammessi al massimo 7 errori.<\/p>\n\n\n\n<p>Ci si pu\u00f2 iscrivere al corso anche senza possedere la patente corrispondente (C o D) ma l&#8217;esame CQC potr\u00e0 essere sostenuto solo dopo aver conseguito la patente. <em>In sostanza \u00e8 ammesso prepararsi contemporaneamente per la patente e la CQC.<\/em><br><br><strong>In questo caso le nostre tariffe sono particolarmente convenienti, per agevolare chi vuole intraprendere la professione di autista:&nbsp;<\/strong>Vedi costi qui sotto !!<\/p>\n\n\n\n<p>In caso di esito negativo dell&#8217;esame, e possibile ripeterlo entro un anno dalla fine del corso (comunque non prima di un mese dall&#8217;esame negativo).<\/p>\n\n\n\n<p>Costi:<\/p>\n\n\n\n<figure class=\"wp-block-table\"><table><tbody><tr><td><strong>tipo corso<\/strong><\/td><td class=\"has-text-align-right\" data-align=\"right\"><strong>Corso<\/strong><br><strong> CQC<\/strong><\/td><td class=\"has-text-align-right\" data-align=\"right\"><strong>Corso<\/strong><br><strong>patente<\/strong><\/td><td class=\"has-text-align-right\" data-align=\"right\"><strong>IVA<\/strong><br><\/td><td class=\"has-text-align-right\" data-align=\"right\"><strong>TOT corsi<\/strong><\/td><td><strong>note<\/strong><\/td><td><strong>spese motorizzazione<\/strong><br><strong> e bolli<\/strong><br><em>(da pagare con bollettini postali)<\/em><\/td><\/tr><tr><td>corso 2+2<br><em>&#8211; patenti C <strong>e<\/strong> D<br>&#8211; CQC parte comune <br>&#8211; CQC spec. merci <strong>e<\/strong> persone<\/em><\/td><td class=\"has-text-align-right\" data-align=\"right\">2000,00<\/td><td class=\"has-text-align-right\" data-align=\"right\">600,00<\/td><td class=\"has-text-align-right\" data-align=\"right\"><\/td><td class=\"has-text-align-right\" data-align=\"right\"><strong>2600,00<\/strong><\/td><td><\/td><td><strong>CQC \u20ac 94,00<br>Patente (ognuna) \u20ac 56,00<\/strong><\/td><\/tr><tr><td>Corso 1+2<br><em>&#8211; 1 patente C <strong>o<\/strong> D<br>&#8211; CQC parte comune<br>&#8211; specializzazioni  CQC merci <strong>e<\/strong> persone<\/em><\/td><td class=\"has-text-align-right\" data-align=\"right\">2000,00<\/td><td class=\"has-text-align-right\" data-align=\"right\">400,00<\/td><td class=\"has-text-align-right\" data-align=\"right\"><\/td><td class=\"has-text-align-right\" data-align=\"right\"><strong>2400,00<\/strong><\/td><td><em>per chi possiede gi\u00e0 <\/em><br><em>una patente C o D <\/em><br><em>e nessuna CQC<\/em><\/td><td><strong>CQC \u20ac 47,00<br>Patente \u20ac 56,00<\/strong><\/td><\/tr><tr><td>corso 1+1<br><em>&#8211; 1 patente C <strong>o<\/strong> D<br>&#8211; CQC parte comune <br>&#8211; 1 spec. CQCmerci&nbsp;<strong>o<\/strong>&nbsp;persone<\/em><\/td><td class=\"has-text-align-right\" data-align=\"right\">1700,00<\/td><td class=\"has-text-align-right\" data-align=\"right\">400,00<\/td><td class=\"has-text-align-right\" data-align=\"right\"><\/td><td class=\"has-text-align-right\" data-align=\"right\"><strong>2100,00<\/strong><\/td><td><\/td><td><strong>CQC \u20ac 47,00<br>Patente \u20ac 56,00<\/strong><\/td><\/tr><tr><td>corso 1 CQC<br><em>&#8211; CQC parte comune<br>&#8211; 1 spec. CQC (merci <strong>o<\/strong> persone)<\/em><\/td><td class=\"has-text-align-right\" data-align=\"right\">1700,00<\/td><td class=\"has-text-align-right\" data-align=\"right\"><\/td><td class=\"has-text-align-right\" data-align=\"right\"><\/td><td class=\"has-text-align-right\" data-align=\"right\"><strong>1700,00<\/strong><\/td><td><em>NON comprende<\/em><br><em>corsi patente<\/em><\/td><td><strong>CQC \u20ac 47,00<\/strong><\/td><\/tr><tr><td>corso 2 CQC <br>&#8211; CQC parte comune <br>&#8211; 2 spec. CQC (merci <strong>e<\/strong> persone)<\/td><td class=\"has-text-align-right\" data-align=\"right\">2000,00<\/td><td class=\"has-text-align-right\" data-align=\"right\"><\/td><td class=\"has-text-align-right\" data-align=\"right\"><\/td><td class=\"has-text-align-right\" data-align=\"right\"><strong>2000,00<\/strong><\/td><td><em>NON comprende <\/em><br><em>corsi patente<\/em><\/td><td><strong>CQC \u20ac 47,00<\/strong><\/td><\/tr><tr><td>corso estensione<br><em>&#8211; 1 spec. CQC (merci <strong>o<\/strong> persone)<\/em><\/td><td class=\"has-text-align-right\" data-align=\"right\"><strong> <\/strong>550,00<\/td><td class=\"has-text-align-right\" data-align=\"right\"><\/td><td class=\"has-text-align-right\" data-align=\"right\"><\/td><td class=\"has-text-align-right\" data-align=\"right\"><strong>550,00<\/strong><\/td><td><em>per chi possiede gi\u00e0 le <\/em><br><em>patenti C <strong>e<\/strong> D ed una sola specializzazione CQC<\/em><\/td><td><strong>CQC \u20ac 47,00<\/strong><\/td><\/tr><tr><td>corso estensione + patente<br><em>&#8211; 1 patente (C <strong>o <\/strong>D)<br>&#8211; 1 spec. CQC (merci <strong>o <\/strong>persone)<\/em><\/td><td class=\"has-text-align-right\" data-align=\"right\">550,00<\/td><td class=\"has-text-align-right\" data-align=\"right\">400,00<\/td><td class=\"has-text-align-right\" data-align=\"right\"><\/td><td class=\"has-text-align-right\" data-align=\"right\"><strong>950,00<\/strong><\/td><td><em>per chi possiede :<\/em><br>&#8211;<em> patente C con CQC merci <\/em><br><em><strong>oppure <\/strong><\/em><br>&#8211;<em>patente D con CQC persone <\/em><br><br><em>e vuole conseguire<\/em> <em>anche<\/em><br><em>l&#8217;altra patente e CQC<\/em><\/td><td><strong>CQC \u20ac 47,00<br>Patente \u20ac 56,00<\/strong><\/td><\/tr><\/tbody><\/table><\/figure>\n\n\n\n<p>Pagamento corsi:<\/p>\n\n\n\n<figure class=\"wp-block-table\"><table><tbody><tr><td><strong>tipo corso<\/strong><\/td><td><strong>Iscrizione<\/strong><\/td><td><strong>Esame guida <\/strong><br><strong>patente C<\/strong><\/td><td><strong>Esame guida <\/strong><br><strong>patente D<\/strong><\/td><td><strong>Fine corso teorico CQC<\/strong><\/td><td><strong>Fine corso pratico CQC<\/strong><\/td><\/tr><tr><td>corso 2+2<\/td><td><strong>\u20ac 600,00<\/strong><\/td><td><strong>\u20ac 400,00<\/strong><\/td><td><strong>\u20ac 400,00<\/strong><\/td><td><strong>\u20ac 600,00<\/strong><\/td><td><strong>\u20ac 600,00<\/strong><\/td><\/tr><tr><td>corso 1+2 (patente C + 2 CQC)<\/td><td><strong>\u20ac 600,00<\/strong><\/td><td><strong>\u20ac 600,00<\/strong><\/td><td><\/td><td><strong>\u20ac 600,00<\/strong><\/td><td><strong>\u20ac 600,00<\/strong><\/td><\/tr><tr><td>corso 1+2 (patente D + 2 CQC)<\/td><td><strong>\u20ac 600,00<\/strong><\/td><td><\/td><td><strong>\u20ac 600,00<\/strong><\/td><td><strong>\u20ac600,00<\/strong><\/td><td><strong>\u20ac 600,00<\/strong><\/td><\/tr><tr><td>corso 1+1 (merci+patente C)<\/td><td><strong>\u20ac 600,00<\/strong><\/td><td><strong>\u20ac 400,00<\/strong><\/td><td><strong>&#8211;<\/strong><\/td><td><strong>\u20ac 600,00<\/strong><\/td><td><strong>\u20ac 500,00<\/strong><\/td><\/tr><tr><td>corso 1+1 (persone+patente D)<\/td><td><strong>\u20ac 600,00<\/strong><\/td><td><strong>&#8211;<\/strong><\/td><td><strong>\u20ac 400,00<\/strong><\/td><td><strong>\u20ac 600,00<\/strong><\/td><td><strong>\u20ac 500,00<\/strong><\/td><\/tr><tr><td>corso 1 CQC merci <strong>o<\/strong> persone<\/td><td><strong>\u20ac 600,00<\/strong><\/td><td><strong>&#8211;<\/strong><\/td><td><strong>&#8211;<\/strong><\/td><td><strong>\u20ac 600,00<\/strong><\/td><td><strong>\u20ac 500,00<\/strong><\/td><\/tr><tr><td>corso 2 CQC merci <strong>e<\/strong> persone<\/td><td><strong>\u20ac 700,00<\/strong><\/td><td><\/td><td><\/td><td><strong>\u20ac 700,00<\/strong><\/td><td><strong>\u20ac 600,00<\/strong><\/td><\/tr><tr><td>corso estensione<\/td><td><strong>\u20ac 200,00<\/strong><\/td><td><strong>&#8211;<\/strong><\/td><td><strong>&#8211;<\/strong><\/td><td><strong>\u20ac 200,00<\/strong><\/td><td><strong>\u20ac 150,00<\/strong><\/td><\/tr><tr><td>corso estens. merci + pat. C<\/td><td><strong>\u20ac 400,00<\/strong><\/td><td><strong>\u20ac 200,00<\/strong><\/td><td><strong>&#8211;<\/strong><\/td><td><strong>\u20ac 200,00<\/strong><\/td><td><strong>\u20ac 150,00<\/strong><\/td><\/tr><tr><td>corso estens. persone + pat. D<\/td><td><strong>\u20ac 400,00<\/strong><\/td><td><strong>&#8211;<\/strong><\/td><td><strong>\u20ac 200,00<\/strong><\/td><td><strong>\u20ac 200,00<\/strong><\/td><td><strong>\u20ac 150,00<\/strong><\/td><\/tr><\/tbody><\/table><\/figure>\n\n\n\n<p>&#8211; i bollettini postali dovranno essere pagati prima di essere iscritti ai relativi esami (tempo tecnico di almeno 15 giorni per poter gestire la pratica di iscrizione)<\/p>\n\n\n\n<p>&#8211; il costo per la ripetizione di un esame \u00e8 di&nbsp;<strong>\u20ac 65,00<\/strong><\/p>\n\n\n\n<p>Per l&#8217;iscrizione sono necessari:<\/p>\n\n\n\n<p>&#8211; copia patente<\/p>\n\n\n\n<p>&#8211; copia CQC eventualmente posseduta<\/p>\n\n\n\n<p>&#8211; copia codice fiscale<\/p>\n\n\n\n<p>&#8211; pagamento rata iscrizione<\/p>\n\n\n\n<p>&#8211; 2 foto tessera.<\/p>\n\n\n\n<p>Per qualsiasi ulteriore informazione, potete contattarci al numero telefonico 0323 848267 oppure tramite e-mail&nbsp;<a href=\"mailto:valtoce@valtoce.it\">valtoce@valtoce.it<\/a><\/p>\n\n\n\n<p><em>Questa pagina \u00e8 aggiornata al 08.01.2026<\/em><\/p>\n\n\n27.295 views\n\n\n<p><\/p>\n","protected":false},"excerpt":{"rendered":"<p>Corso di formazione iniziale per il conseguimento della CQC Calendario ed orari del prossimo corso di formazione iniziale&nbsp;intensivo&nbsp;per il conseguimento<\/p>\n","protected":false},"author":1,"featured_media":0,"parent":130,"menu_order":0,"comment_status":"closed","ping_status":"closed","template":"","meta":{"colormag_page_container_layout":"default_layout","colormag_page_sidebar_layout":"default_layout","footnotes":""},"class_list":["post-157","page","type-page","status-publish","hentry"],"_links":{"self":[{"href":"http:\/\/valtoce.eu\/index.php?rest_route=\/wp\/v2\/pages\/157","targetHints":{"allow":["GET"]}}],"collection":[{"href":"http:\/\/valtoce.eu\/index.php?rest_route=\/wp\/v2\/pages"}],"about":[{"href":"http:\/\/valtoce.eu\/index.php?rest_route=\/wp\/v2\/types\/page"}],"author":[{"embeddable":true,"href":"http:\/\/valtoce.eu\/index.php?rest_route=\/wp\/v2\/users\/1"}],"replies":[{"embeddable":true,"href":"http:\/\/valtoce.eu\/index.php?rest_route=%2Fwp%2Fv2%2Fcomments&post=157"}],"version-history":[{"count":50,"href":"http:\/\/valtoce.eu\/index.php?rest_route=\/wp\/v2\/pages\/157\/revisions"}],"predecessor-version":[{"id":734,"href":"http:\/\/valtoce.eu\/index.php?rest_route=\/wp\/v2\/pages\/157\/revisions\/734"}],"up":[{"embeddable":true,"href":"http:\/\/valtoce.eu\/index.php?rest_route=\/wp\/v2\/pages\/130"}],"wp:attachment":[{"href":"http:\/\/valtoce.eu\/index.php?rest_route=%2Fwp%2Fv2%2Fmedia&parent=157"}],"curies":[{"name":"wp","href":"https:\/\/api.w.org\/{rel}","templated":true}]}}