{"id":204,"date":"2021-04-26T09:15:05","date_gmt":"2021-04-26T09:15:05","guid":{"rendered":"http:\/\/valtoce.eu\/?page_id=204"},"modified":"2021-05-06T13:26:58","modified_gmt":"2021-05-06T13:26:58","slug":"info-cqc","status":"publish","type":"page","link":"http:\/\/valtoce.eu\/?page_id=204","title":{"rendered":"info CQC"},"content":{"rendered":"\n<p><strong>La Carta di Qualificazione del Conducente (CQC)<br>&nbsp;<\/strong><\/p>\n\n\n\n<p>La CQC \u00e8 un&#8217;abilitazione professionale che serve per esercitare la professione di autista con veicoli pesanti.<\/p>\n\n\n\n<p>Prevede 2 categorie:<\/p>\n\n\n\n<ul class=\"wp-block-list\"><li>per trasporto cose<\/li><li>per trasporto persone<\/li><\/ul>\n\n\n\n<div class=\"wp-block-group is-layout-flow wp-block-group-is-layout-flow\"><div class=\"wp-block-group__inner-container\"><\/div><\/div>\n\n\n\n<p><em>La CQC per trasporto persone vale automaticamente come KB (abilitazione professionale per la guida di Taxi e auto a noleggio con conducente). E&#8217; comunque necessaria una pratica amministrativa per il rilascio del tesserino KB.<\/em><\/p>\n\n\n\n<p>Per ottenere la CQC occorre frequentare un corso di&nbsp;<strong>140 ore<\/strong>&nbsp;(teoria + pratica) e sostenere un esame scritto (a quiz).<\/p>\n\n\n\n<p>Chi \u00e8 in possesso della CQC per trasporto cose e di patente D, potr\u00e0 ottenere la CQC per trasporto persone frequentando un corso di&nbsp;<strong>35 ore<\/strong>&nbsp;e superando un esame a quiz (e viceversa).<\/p>\n\n\n\n<p><strong><a href=\"http:\/\/valtoce.eu\/?page_id=157\" data-type=\"page\" data-id=\"157\">Clicca qui per ulteriori informazioni sui corsi di formazione iniziale CQC<\/a><\/strong><\/p>\n\n\n\n<p>La CQC scade dopo 5 anni. Per rinnovarla occore frequentare un corso di&nbsp;<strong>35 ore<\/strong>.<\/p>\n\n\n\n<p><strong><a href=\"http:\/\/valtoce.eu\/?page_id=162\" data-type=\"page\" data-id=\"162\">Clicca qui per ulteriori informazioni sui corsi di rinnovo CQC<\/a><\/strong><\/p>\n\n\n\n<p><strong>N.B.<\/strong><\/p>\n\n\n\n<p><strong>1) In caso di sospensione della patente la CQC non abilita a guidare nessun veicolo (neanche il ciclomotore!)<br><br>2) In caso di revoca della patente \u00e8 revocata anche la CQC<\/strong><\/p>\n\n\n\n<p><strong>3) Il sistema della sottrazione dei punti \u00e8 esteso alla CQC se l&#8217;infrazione \u00e8 commessa alla guida di un veicolo per cui la CQC \u00e8 obbligatoria (non si pu\u00f2 scegliere se farsi sottrarre i punti dalla patente o dalla CQC)<\/strong><\/p>\n\n\n\n<p><strong>4) Le eventuali sospensioni o revoche continuano ad applicarsi alla patente<\/strong><\/p>\n\n\n\n<p><em>Questa pagina \u00e8 aggiornata al 21.04.2021<\/em><\/p>\n\n\n5.405 views","protected":false},"excerpt":{"rendered":"<p>La Carta di Qualificazione del Conducente (CQC)&nbsp; La CQC \u00e8 un&#8217;abilitazione professionale che serve per esercitare la professione di autista<\/p>\n","protected":false},"author":1,"featured_media":0,"parent":130,"menu_order":0,"comment_status":"closed","ping_status":"closed","template":"","meta":{"colormag_page_container_layout":"default_layout","colormag_page_sidebar_layout":"default_layout","footnotes":""},"class_list":["post-204","page","type-page","status-publish","hentry"],"_links":{"self":[{"href":"http:\/\/valtoce.eu\/index.php?rest_route=\/wp\/v2\/pages\/204","targetHints":{"allow":["GET"]}}],"collection":[{"href":"http:\/\/valtoce.eu\/index.php?rest_route=\/wp\/v2\/pages"}],"about":[{"href":"http:\/\/valtoce.eu\/index.php?rest_route=\/wp\/v2\/types\/page"}],"author":[{"embeddable":true,"href":"http:\/\/valtoce.eu\/index.php?rest_route=\/wp\/v2\/users\/1"}],"replies":[{"embeddable":true,"href":"http:\/\/valtoce.eu\/index.php?rest_route=%2Fwp%2Fv2%2Fcomments&post=204"}],"version-history":[{"count":2,"href":"http:\/\/valtoce.eu\/index.php?rest_route=\/wp\/v2\/pages\/204\/revisions"}],"predecessor-version":[{"id":207,"href":"http:\/\/valtoce.eu\/index.php?rest_route=\/wp\/v2\/pages\/204\/revisions\/207"}],"up":[{"embeddable":true,"href":"http:\/\/valtoce.eu\/index.php?rest_route=\/wp\/v2\/pages\/130"}],"wp:attachment":[{"href":"http:\/\/valtoce.eu\/index.php?rest_route=%2Fwp%2Fv2%2Fmedia&parent=204"}],"curies":[{"name":"wp","href":"https:\/\/api.w.org\/{rel}","templated":true}]}}