{"id":62,"date":"2021-04-12T15:01:33","date_gmt":"2021-04-12T15:01:33","guid":{"rendered":"http:\/\/valtoce.eu\/?page_id=62"},"modified":"2026-02-25T14:44:30","modified_gmt":"2026-02-25T14:44:30","slug":"rinnovo-patenti","status":"publish","type":"page","link":"http:\/\/valtoce.eu\/?page_id=62","title":{"rendered":"Rinnovo patenti"},"content":{"rendered":"\n<p>Per rinnovare la patente \u00e8 necessaria una visita medica, che normalmente si pu\u00f2 svolgere presso le nostre sedi. In alcuni casi, dipendenti dalle condizioni di salute, la visita dovr\u00e0 essere prenotata presso la Commissione Medica Locale (Domodossola o Verbania).<\/p>\n\n\n\n<p>Se la visita ha esito positivo, viene immediatamente rilasciato un certificato medico che ha validit\u00e0 come rinnovo.<\/p>\n\n\n\n<p>Successivamente il Ministero Infrastrutture e Trasporti (MIT) invier\u00e0 a domicilio la nuova patente con la scadenza aggiornata (quella vecchia dovr\u00e0 essere eliminata a cura del titolare)<\/p>\n\n\n\n<p>Per chi lo desidera, \u00e8 possibile chiedere l&#8217;invio della patente presso una delle nostre sedi.<\/p>\n\n\n\n<p>Per la prenotazione \u00e8 necessaria una foto tessera che sar\u00e0 inviata al MIT per la stampa della nuova patente.<\/p>\n\n\n\n<p><\/p>\n\n\n\n<h3 class=\"wp-block-heading\"><mark style=\"background-color:rgba(0, 0, 0, 0);color:#045f94\" class=\"has-inline-color\"><strong>Si pu\u00f2 prenotare la visita medica sia <\/strong><\/mark><strong><mark style=\"background-color:rgba(0, 0, 0, 0)\" class=\"has-inline-color has-vivid-red-color\">presso i nostri uffici<\/mark><\/strong><mark style=\"background-color:rgba(0, 0, 0, 0);color:#045f94\" class=\"has-inline-color\"><strong>, che <\/strong><\/mark><strong><mark style=\"background-color:rgba(0, 0, 0, 0)\" class=\"has-inline-color has-vivid-red-color\">online<\/mark><\/strong><mark style=\"background-color:rgba(0, 0, 0, 0);color:#045f94\" class=\"has-inline-color\"><strong> con la seguente procedura:<\/strong><\/mark><\/h3>\n\n\n\n<ol class=\"wp-block-list\">\n<li>Preparazione della <strong>dichiarazione anamnestica<\/strong><\/li>\n<\/ol>\n\n\n\n<ul class=\"wp-block-list\">\n<li>aprire online il modulo <a href=\"http:\/\/valtoce.eu\/wp-content\/uploads\/2021\/04\/Dichiarazione-anamnestica.pdf\"><strong>Dichiarazione anamnestica<\/strong><\/a>, compilarlo online, stamparlo e firmarlo<\/li>\n\n\n\n<li>portare con s\u00e8 la dichiarazione anamnestica il giorno della visita<\/li>\n\n\n\n<li><strong><span class=\"has-inline-color has-vivid-red-color\">in caso di dubbi sulla compilazione della dichiarazione anamnestica, consultare il proprio medico di base<\/span><\/strong><\/li>\n<\/ul>\n\n\n\n<p>2. Compilazione ed invio del modulo per la prenotazione della visita<\/p>\n\n\n\n<ul class=\"wp-block-list\">\n<li>aprire il <a href=\"http:\/\/valtoce.eu\/wp-content\/uploads\/2022\/11\/RichiestaVisita_2022.pdf\"><strong>modulo di prenotazione<\/strong><\/a>, compilarlo online e stamparlo<\/li>\n\n\n\n<li>applicare una <strong>foto recente<\/strong> e <strong>firmare con un pennarello<\/strong> nell&#8217;apposito spazio<\/li>\n\n\n\n<li>inviare il modulo via email a <a href=\"mailto:rinnovi.valtoce@gmail.com\"><strong>rinnovi.valtoce@gmail.com<\/strong><\/a><\/li>\n<\/ul>\n\n\n\n<h4 class=\"wp-block-heading\"><a href=\"https:\/\/drive.google.com\/file\/d\/1gEqp4k7_j8crBgAGcLjTWVAdsE7asp9u\/view?usp=sharing\">Cliccare qui per vedere il tutorial<\/a><\/h4>\n\n\n\n<p>3. Sarete <strong>ricontattati telefonicamente<\/strong> dai nostri uffici per concordare la data della visita, quindi \u00e8 importante <strong>indicare il recapito telefonico<\/strong> sul modulo di prenotazione<\/p>\n\n\n\n<p><\/p>\n\n\n\n<p>Il costo del rinnovo patente \u00e8 di <strong><span class=\"has-inline-color has-vivid-red-color\">\u20ac 85,00<\/span><\/strong>.  Vanno aggiunti <strong><span class=\"has-inline-color has-vivid-red-color\">\u20ac 7,50<\/span><\/strong> da pagare al postino al recapito della nuova patente.<\/p>\n\n\n20.489 views","protected":false},"excerpt":{"rendered":"<p>Per rinnovare la patente \u00e8 necessaria una visita medica, che normalmente si pu\u00f2 svolgere presso le nostre sedi. In alcuni<\/p>\n","protected":false},"author":1,"featured_media":0,"parent":0,"menu_order":0,"comment_status":"closed","ping_status":"closed","template":"","meta":{"colormag_page_container_layout":"default_layout","colormag_page_sidebar_layout":"default_layout","footnotes":""},"class_list":["post-62","page","type-page","status-publish","hentry"],"_links":{"self":[{"href":"http:\/\/valtoce.eu\/index.php?rest_route=\/wp\/v2\/pages\/62","targetHints":{"allow":["GET"]}}],"collection":[{"href":"http:\/\/valtoce.eu\/index.php?rest_route=\/wp\/v2\/pages"}],"about":[{"href":"http:\/\/valtoce.eu\/index.php?rest_route=\/wp\/v2\/types\/page"}],"author":[{"embeddable":true,"href":"http:\/\/valtoce.eu\/index.php?rest_route=\/wp\/v2\/users\/1"}],"replies":[{"embeddable":true,"href":"http:\/\/valtoce.eu\/index.php?rest_route=%2Fwp%2Fv2%2Fcomments&post=62"}],"version-history":[{"count":13,"href":"http:\/\/valtoce.eu\/index.php?rest_route=\/wp\/v2\/pages\/62\/revisions"}],"predecessor-version":[{"id":733,"href":"http:\/\/valtoce.eu\/index.php?rest_route=\/wp\/v2\/pages\/62\/revisions\/733"}],"wp:attachment":[{"href":"http:\/\/valtoce.eu\/index.php?rest_route=%2Fwp%2Fv2%2Fmedia&parent=62"}],"curies":[{"name":"wp","href":"https:\/\/api.w.org\/{rel}","templated":true}]}}